{"id":12,"date":"2019-11-06T15:00:28","date_gmt":"2019-11-06T14:00:28","guid":{"rendered":"https:\/\/emsing-consulting.de\/?page_id=12"},"modified":"2025-03-20T18:03:47","modified_gmt":"2025-03-20T17:03:47","slug":"impressum","status":"publish","type":"page","link":"https:\/\/emsing-consulting.de\/?page_id=12","title":{"rendered":"Impressum"},"content":{"rendered":"\n<h1>Impressum<\/h1>\n\n\n\n<h3><strong>Informationen gem\u00e4\u00df Telemediengesetz:<\/strong><\/h3>\n\n\n\n<p>Emsing Consulting<br>Peter Emsing<\/p>\n\n\n\n<p>53721 Siegburg, Johannesstr. 4<\/p>\n\n\n\n<p>Tel.:&nbsp;&nbsp;&nbsp;&nbsp; &nbsp;02241-9389696<\/p>\n\n\n\n<p>Fax:&nbsp;&nbsp;&nbsp;&nbsp;&nbsp; 02241-9389693<\/p>\n\n\n\n<p>Mail:&nbsp;&nbsp;&nbsp;&nbsp; <a href=\"mailto:info@emsing-finanzservice.de\">peter.emsing@emsing-finanzservice.de<\/a><\/p>\n\n\n\n<p>Steuernummer: 222\/5804\/0770<\/p>\n\n\n\n<p>Erlaubnis nach \u00a7 34c GewO (Gewerbeordnung) erteilt&nbsp;durch die<br>\nAufsichtsbeh\u00f6rde: Rhein-Sieg-Kreis, Der Landrat, Postfach 15 51, 53705 Siegburg.<br>\nGewerbeanmeldung liegt vor bei der Stadt Sankt Augustin, Postanschrift:<br>\n53754 Sankt Augustin<\/p>\n\n\n\n<p>Erlaubnis nach \u00a7 34 d Abs. 1 GewO (Gewerbeordnung) erteilt durch die<br>\nzust\u00e4ndige IHK: IHK Bonn\/Rhein-Sieg, Bonner Talweg 17, 53113 Bonn.<\/p>\n\n\n\n<p>Eintrag im Vermittlerregister&nbsp;der gemeinsamen Registerstelle:<\/p>\n\n\n\n<p>Deutscher Industrie-und Handelskammertag (DIHK) e.V.<\/p>\n\n\n\n<p>Breite Stra\u00dfe 29<\/p>\n\n\n\n<p>10178 Berlin (<a href=\"http:\/\/www.vermittlerregister.info\">www.vermittlerregister.info<\/a>)<\/p>\n\n\n\n<p><strong>Registrierungsnummer<\/strong><\/p>\n\n\n\n<p>D-Y0VI-3NG7F-74<\/p>\n\n\n\n<p>Erlaubnis nach \u00a7 34i GewO erteilt durch IHK Bonn\/Rhein\/Sieg,<\/p>\n\n\n\n<p>Bonner Talweg 17, 53113 Bonn<\/p>\n\n\n\n<p><strong>Au\u00dfergerichtliches Beschwerde- und Rechtsbehelfsverfahren \/ Zust\u00e4ndige Verbraucherschlichtungsstellen <\/strong><\/p>\n\n\n\n<p>Peter Emsing Consulting nimmt an  Streitbeilegungsverfahren vor den unten genannten  Verbraucherschlichtungsstellen teil. Verbraucher k\u00f6nnen, unbeschadet  ihres Rechts, die Gerichte anzurufen, die unten genannten  Schlichtungsstellen im Rahmen ihres jeweiligen Zust\u00e4ndigkeitsbereichs  anrufen. An Streitbeilegungsverfahren vor anderen als den unten  genannten Verbraucherschlichtungsstellen nimmt Peter Emsing Consulting nicht teil.<\/p>\n\n\n\n<p>Bei Streitigkeiten mit Verbrauchern aus der Anwendung der \nVorschriften des B\u00fcrgerlichen Gesetzbuchs betreffend Fernabsatzvertr\u00e4ge \n\u00fcber Finanzdienstleistungen sowie bei Streitigkeiten mit Verbrauchern \naus der Anwendung der \u00a7\u00a7 655a-655d BGB (Vermittlung von \nVerbraucherdarlehensvertr\u00e4gen und entgeltlichen Finanzierungshilfen) \noder Art. 247a \u00a7 1 EGBGB (Allgemeine Informationspflichten bei \nImmobiliar-Verbraucherdarlehensvertr\u00e4gen und entsprechenden \nFinanzierungshilfen):<\/p>\n\n\n\n<p>Schlichtungsstelle der Deutschen Bundesbank Postfach 11 12 32, 60047 \nFrankfurt am Main Telefon: +49 69 2388-1907, Telefax: +49 69 709090-9901\n Email: schlichtung@bundesbank.de Internet: \nwww.bundesbank.de\/schlichtungsstelle<\/p>\n\n\n\n<p>Plattform der EU zur au\u00dfergerichtlichen Online-Streitbeilegung: http:\/\/ec.europa.eu\/odr<\/p>\n\n\n\n<p><strong>Unabh\u00e4ngigkeit<\/strong><\/p>\n\n\n\n<p>Kein Versicherungsunternehmen h\u00e4lt direkte oder indirekte \nBeteiligungen an Stimmrechten oder am Kapital unserer Gesellschaft. \nUnsere Gesellschaft h\u00e4lt keine direkten oder indirekten Beteiligungen an\n Stimmrechten oder am Kapital eines Versicherungsunternehmens<\/p>\n\n\n\n<p><strong>Haftungshinweis<\/strong><\/p>\n\n\n\n<p>Alle Inhalte auf unserer Website haben wir sorgf\u00e4ltig \nzusammengestellt und gepr\u00fcft. Trotz aller Sorgfalt&nbsp;wird eine Haftung \noder Garantie f\u00fcr die Richtigkeit, Vollst\u00e4ndigkeit und Aktualit\u00e4t der \nDaten nicht \u00fcbernommen. Dies gilt auch f\u00fcr alle anderen Websites, auf \ndie mit Hyperlinks verwiesen wird. Wir sind f\u00fcr den Inhalt der Websites,\n die aufgrund einer solchen Verbindung erreicht werden, nicht \nverantwortlich. Die Verantwortung f\u00fcr die Inhalte dieser Websites \nobliegt einzig den jeweiligen Inhabern. Wir behalten uns das Recht vor, \nAktualisierungen, \u00c4nderungen oder Erg\u00e4nzungen an den bereitgestellten \nInformationen und Daten vorzunehmen.<\/p>\n\n\n\n<p><strong>Copyright<\/strong><br>Struktur und Inhalt der Website sind urheberrechtlich durch&nbsp;Peter Emsing Consulting&nbsp;gesch\u00fctzt. Die Vervielf\u00e4ltigung von  Informationen oder Daten, insbesondere die Verwendung von Texten,  Textteilen oder Bildmaterial sowie die Verwendung von Codezeilen der  Website bedarf unserer vorherigen Zustimmung.<\/p>\n\n\n\n<p><strong>Bildquellen und -rechte<\/strong><\/p>\n\n\n\n<p>Die Urheberrechte f\u00fcr Bildmaterial liegen, falls nicht anders angegeben, bei:<\/p>\n\n\n\n<p>\u00a9&nbsp;Monkey Business&nbsp;\u2013 Fotolia.com<br>\u00a9&nbsp;AlcelVision \u2013 Fotolia.com<\/p>\n\n\n\n<p>Emsing Finanzservive GmbH<\/p>\n\n\n\n<p><strong>Schlichtungsstellen:<\/strong><\/p>\n\n\n\n<p>Versicherungsombudsmann e.V.<\/p>\n\n\n\n<p>Postfach 080632, 10006 Berlin (<a href=\"http:\/\/www.versicherungsombudsmann.de\">http:\/\/www.versicherungsombudsmann.de<\/a>)<\/p>\n\n\n\n<p>f\u00fcr Private Kranken-und Pflegeversicherung:<\/p>\n\n\n\n<p>Ombudsmann Private Kranken-und Pflegeversicherung<\/p>\n\n\n\n<p>Postfach 06022, 10052 Berlin (<a href=\"http:\/\/www.pkv-ombudsmann.de\">http:\/\/www.pkv-ombudsmann.de<\/a>)<\/p>\n","protected":false},"excerpt":{"rendered":"<p>Impressum Informationen gem\u00e4\u00df Telemediengesetz: Emsing ConsultingPeter Emsing 53721 Siegburg, Johannesstr. 4 Tel.:&nbsp;&nbsp;&nbsp;&nbsp; &nbsp;02241-9389696 Fax:&nbsp;&nbsp;&nbsp;&nbsp;&nbsp; 02241-9389693 Mail:&nbsp;&nbsp;&nbsp;&nbsp; peter.emsing@emsing-finanzservice.de Steuernummer: 222\/5804\/0770 Erlaubnis nach \u00a7 [&hellip;]<\/p>\n","protected":false},"author":1,"featured_media":0,"parent":0,"menu_order":0,"comment_status":"closed","ping_status":"closed","template":"page-templates\/page_fullwidth.php","meta":[],"_links":{"self":[{"href":"https:\/\/emsing-consulting.de\/index.php?rest_route=\/wp\/v2\/pages\/12"}],"collection":[{"href":"https:\/\/emsing-consulting.de\/index.php?rest_route=\/wp\/v2\/pages"}],"about":[{"href":"https:\/\/emsing-consulting.de\/index.php?rest_route=\/wp\/v2\/types\/page"}],"author":[{"embeddable":true,"href":"https:\/\/emsing-consulting.de\/index.php?rest_route=\/wp\/v2\/users\/1"}],"replies":[{"embeddable":true,"href":"https:\/\/emsing-consulting.de\/index.php?rest_route=%2Fwp%2Fv2%2Fcomments&post=12"}],"version-history":[{"count":5,"href":"https:\/\/emsing-consulting.de\/index.php?rest_route=\/wp\/v2\/pages\/12\/revisions"}],"predecessor-version":[{"id":90,"href":"https:\/\/emsing-consulting.de\/index.php?rest_route=\/wp\/v2\/pages\/12\/revisions\/90"}],"wp:attachment":[{"href":"https:\/\/emsing-consulting.de\/index.php?rest_route=%2Fwp%2Fv2%2Fmedia&parent=12"}],"curies":[{"name":"wp","href":"https:\/\/api.w.org\/{rel}","templated":true}]}}