{"id":49,"date":"2019-12-10T14:53:16","date_gmt":"2019-12-10T13:53:16","guid":{"rendered":"https:\/\/emsing-consulting.de\/?page_id=49"},"modified":"2019-12-10T15:05:58","modified_gmt":"2019-12-10T14:05:58","slug":"home","status":"publish","type":"page","link":"https:\/\/emsing-consulting.de\/","title":{"rendered":"Home"},"content":{"rendered":"<div id=\"pl-49\"  class=\"panel-layout\" ><div id=\"pg-49-0\"  class=\"panel-grid panel-has-style\" ><div style=\"padding: 30px 0; \" data-overlay=\"true\" data-overlay-color=\"#000000\" class=\"panel-row-style panel-row-style-for-49-0\" ><div id=\"pgc-49-0-0\"  class=\"panel-grid-cell\" ><div id=\"panel-49-0-0-0\" class=\"so-panel widget widget_sow-editor panel-first-child panel-last-child\" data-index=\"0\" ><div style=\"text-align: left;\" data-title-color=\"#443f3f\" data-headings-color=\"#443f3f\" class=\"panel-widget-style panel-widget-style-for-49-0-0-0\" ><div\n\t\t\t\n\t\t\tclass=\"so-widget-sow-editor so-widget-sow-editor-base\"\n\t\t\t\n\t\t><h3 class=\"widget-title\">Herzlich willkommen bei Peter Emsing Consulting <\/h3>\n<div class=\"siteorigin-widget-tinymce textwidget\">\n\t<h4>Sie besitzen eine Immobilie, die Ihnen im Laufe der Jahre zu klein oder zu gro\u00df geworden ist?<\/h4>\n<h4>Ihr Leben ver\u00e4ndert sich und damit \u00e4ndert sich auch Ihr Bedarf nach der passenden Immobilie?<\/h4>\n<h4><span style=\"color: #d63838;\">Gerne berate ich Sie unverbindlich und kostenlos.<\/p>\n<p>Wir \u00fcberlegen gemeinsam, welche M\u00f6glichkeiten sich bieten.<\/p>\n<p><\/span><\/h4>\n<h4>Soll ich mein bestehendes Haus \u2013 meine Eigentumswohnung verkaufen?<\/h4>\n<h4>Kommt als Alternative auch eine Vermietung in Frage? Was w\u00e4re dabei zu beachten?<\/h4>\n<h4>Welche Chancen und Risiken ergeben sich bei Verkauf oder Vermietung?<\/h4>\n<h4>Was passiert mit meinen bestehenden Immobiliendarlehen?<\/h4>\n<h4>Wie funktioniert eine Zwischenfinanzierung?<\/h4>\n<h4>Wie kann ich das Eigenkapital aus meiner Immobilie nutzen?<\/h4>\n<h4>Welchen Stellenwert hat Immobilieneigentum f\u00fcr die Altersvorsorge?<\/h4>\n<p>&nbsp;<\/p>\n<\/div>\n<\/div><\/div><\/div><\/div><\/div><\/div><div id=\"pg-49-1\"  class=\"panel-grid panel-has-style\" ><div style=\"padding: 0px 0; \" data-overlay=\"true\" data-overlay-color=\"#000000\" class=\"panel-row-style panel-row-style-for-49-1\" ><div id=\"pgc-49-1-0\"  class=\"panel-grid-cell\" ><div id=\"panel-49-1-0-0\" class=\"so-panel widget widget_sow-editor panel-first-child panel-last-child\" data-index=\"1\" ><div style=\"text-align: left;\" data-title-color=\"#443f3f\" data-headings-color=\"#443f3f\" class=\"panel-widget-style panel-widget-style-for-49-1-0-0\" ><div\n\t\t\t\n\t\t\tclass=\"so-widget-sow-editor so-widget-sow-editor-base\"\n\t\t\t\n\t\t><h3 class=\"widget-title\">Pers\u00f6nliches Gespr\u00e4ch mit Peter Emsing<\/h3>\n<div class=\"siteorigin-widget-tinymce textwidget\">\n\t<p><img loading=\"lazy\" class=\"alignright wp-image-10\" src=\"https:\/\/emsing-consulting.de\/wp-content\/uploads\/2019\/11\/k-Peter-Profil-233x300.jpg\" alt=\"\" width=\"300\" height=\"385\" \/>Diese und andere Fragen beleuchte ich mit Ihnen in einem ausf\u00fchrlichen Gespr\u00e4ch.<\/p>\n<p>Wenn Sie sich zum Verkauf Ihres Objektes entschieden haben, k\u00fcmmere ich mich gerne um die gesamte Abwicklung. Markwerteinsch\u00e4tzung, Beschaffung eines Energieausweises, Pr\u00e4sentation Ihrer Immobilie, Besichtigungstermine mit Interessenten, Kaufverhandlungen, Pr\u00fcfung der K\u00e4uferfinanzierung, Beauftragung des Notars, Verhandlungen der Vertragsinhalte, Unterst\u00fctzung bei der Abwicklung, F\u00e4lligkeit des Kaufpreises.<\/p>\n<p>Ihr Objekt genie\u00dft bei mir die ungeteilte Aufmerksamkeit. Es steht nicht \u201eim Regal\u201c neben unz\u00e4hligen anderen Objekten. Alle Gespr\u00e4che, Verhandlungen und Termine werden von mir pers\u00f6nlich gef\u00fchrt.<\/p>\n<h4><em><strong>Schenken Sie mir Ihr Vertrauen \u2013\u00a0 ich schenke Ihnen die volle Aufmerksamkeit f\u00fcr Ihr Objekt!<\/strong><\/em><\/h4>\n<p>&nbsp;<\/p>\n<\/div>\n<\/div><\/div><\/div><\/div><\/div><\/div><\/div>","protected":false},"excerpt":{"rendered":"<p>Sie besitzen eine Immobilie, die Ihnen im Laufe der Jahre zu klein oder zu gro\u00df geworden ist? Ihr Leben ver\u00e4ndert sich und [&hellip;]<\/p>\n","protected":false},"author":1,"featured_media":0,"parent":0,"menu_order":0,"comment_status":"closed","ping_status":"closed","template":"page-templates\/page_front-page.php","meta":[],"_links":{"self":[{"href":"https:\/\/emsing-consulting.de\/index.php?rest_route=\/wp\/v2\/pages\/49"}],"collection":[{"href":"https:\/\/emsing-consulting.de\/index.php?rest_route=\/wp\/v2\/pages"}],"about":[{"href":"https:\/\/emsing-consulting.de\/index.php?rest_route=\/wp\/v2\/types\/page"}],"author":[{"embeddable":true,"href":"https:\/\/emsing-consulting.de\/index.php?rest_route=\/wp\/v2\/users\/1"}],"replies":[{"embeddable":true,"href":"https:\/\/emsing-consulting.de\/index.php?rest_route=%2Fwp%2Fv2%2Fcomments&post=49"}],"version-history":[{"count":15,"href":"https:\/\/emsing-consulting.de\/index.php?rest_route=\/wp\/v2\/pages\/49\/revisions"}],"predecessor-version":[{"id":68,"href":"https:\/\/emsing-consulting.de\/index.php?rest_route=\/wp\/v2\/pages\/49\/revisions\/68"}],"wp:attachment":[{"href":"https:\/\/emsing-consulting.de\/index.php?rest_route=%2Fwp%2Fv2%2Fmedia&parent=49"}],"curies":[{"name":"wp","href":"https:\/\/api.w.org\/{rel}","templated":true}]}}